{"id":26,"date":"2013-09-06T09:29:22","date_gmt":"2013-09-06T09:29:22","guid":{"rendered":"http:\/\/www.lanzenberger.com\/cms\/?page_id=26"},"modified":"2020-05-28T12:56:32","modified_gmt":"2020-05-28T10:56:32","slug":"kanzlei","status":"publish","type":"page","link":"https:\/\/lanzenberger.com\/cms\/kanzlei\/","title":{"rendered":"Die Kanzlei"},"content":{"rendered":"<p>\u00a0<\/p>\n<p style=\"text-align: justify;\">Volker F. Lanzenberger gr\u00fcndete seine Kanzlei am 18. 01. 1979 in H\u00fcgelsheim nach erfolgreich abgelegter Steuerberaterpr\u00fcfung. Nach dem Fall der Mauer wurde in Torgau am 01. 10. 1990 ein weiteres B\u00fcro mit drei Mitarbeitern am Rosa-Luxemburg-Platz er\u00f6ffnet. Bereits 1991 expandierte die Kanzlei, so dass in sehr kurzer Zeit ein gro\u00dfer Mitarbeiterstamm aufgebaut werden konnte, worauf aus Platzgr\u00fcnden im April 1991 der Umzug in den Stadtpark 1 in Torgau erfolgte. Im Jahr 1997 erfolgte ein weiterer Umzug der Kanzlei in die Rudolf-Breitscheid-Stra\u00dfe 1 ebenfalls in Torgau, wo sich der Sitz der am 01. 12. 2001 gegr\u00fcndeten Volker F. Lanzenberger Treuhand- und Steuerberatungsgesellschaft mbH befindet. Am 01. 01. 2018 wurde mit der Gr\u00fcndung der Rechtsanwaltskanzleien in Torgau und Riesa das Kompetenzzentrum Volker F. Lanzenberger\u00a0 er\u00f6ffnet. Der Sitz der Volker F. Lanzenberger Treuhand- und Steuerberatungsgesellschaft mbH wurde zum 01. 01. 2018 nach Riesa verlegt.<br \/>Die Volker F. Lanzenberger Treuhand- und Steuerberatungsgesellschaft mbH ist Pflichtmitglied in der Steuerberaterkammer Sachsen und freiwilliges Mitglied im Steuerberater Verband Sachsen e.V. Des Weiteren ist die GmbH auch Mitglied der DATEV e.G.<\/p>\n<p>\u00a0<\/p>\n<p style=\"text-align: left;\">F\u00f6rderungsf\u00e4higer Berater\/Coaching durch den Europ\u00e4ischen Sozialfond (ESF)<\/p>\n<p style=\"text-align: left;\">Mitglied der <a title=\"KfW\" href=\"https:\/\/beraterboerse.kfw.de\" target=\"_blank\" rel=\"noopener noreferrer\">KfW-Beraterb\u00f6rse<\/a>, zugelassener GCD und GCD-AL Berater<\/p>\n<p><a href=\"http:\/\/www.kfw.de\/kfw\/de\/Inlandsfoerderung\/Programmuebersicht\/Gruendercoaching_Deutschland\/index.jsp\" target=\"_blank\" rel=\"noopener noreferrer\">KfW-Gr\u00fcndercoaching<\/a>\u00a0 \u00a0 \u00a0<\/p>\n<p><a href=\"https:\/\/www.juraforum.de\"><img decoding=\"async\" title=\"JuraForum\" src=\"https:\/\/www.juraforum.de\/rechtsanwalt\/siegel?i=239ce\" alt=\"JuraForum\" \/><\/a><\/p>\n<p>\u00a0<\/p>\n\n\n<p><\/p>\n","protected":false},"excerpt":{"rendered":"<p>\u00a0 Volker F. Lanzenberger gr\u00fcndete seine Kanzlei am 18. 01. 1979 in H\u00fcgelsheim nach erfolgreich abgelegter Steuerberaterpr\u00fcfung. Nach dem Fall der Mauer wurde in Torgau am 01. 10. 1990 ein weiteres B\u00fcro mit drei Mitarbeitern am Rosa-Luxemburg-Platz er\u00f6ffnet. Bereits 1991 expandierte die Kanzlei, so dass in sehr kurzer Zeit ein gro\u00dfer Mitarbeiterstamm aufgebaut werden konnte, [&hellip;]<\/p>\n","protected":false},"author":3,"featured_media":0,"parent":0,"menu_order":0,"comment_status":"open","ping_status":"closed","template":"","meta":{"footnotes":""},"class_list":["post-26","page","type-page","status-publish","hentry"],"_links":{"self":[{"href":"https:\/\/lanzenberger.com\/cms\/wp-json\/wp\/v2\/pages\/26","targetHints":{"allow":["GET"]}}],"collection":[{"href":"https:\/\/lanzenberger.com\/cms\/wp-json\/wp\/v2\/pages"}],"about":[{"href":"https:\/\/lanzenberger.com\/cms\/wp-json\/wp\/v2\/types\/page"}],"author":[{"embeddable":true,"href":"https:\/\/lanzenberger.com\/cms\/wp-json\/wp\/v2\/users\/3"}],"replies":[{"embeddable":true,"href":"https:\/\/lanzenberger.com\/cms\/wp-json\/wp\/v2\/comments?post=26"}],"version-history":[{"count":23,"href":"https:\/\/lanzenberger.com\/cms\/wp-json\/wp\/v2\/pages\/26\/revisions"}],"predecessor-version":[{"id":1344,"href":"https:\/\/lanzenberger.com\/cms\/wp-json\/wp\/v2\/pages\/26\/revisions\/1344"}],"wp:attachment":[{"href":"https:\/\/lanzenberger.com\/cms\/wp-json\/wp\/v2\/media?parent=26"}],"curies":[{"name":"wp","href":"https:\/\/api.w.org\/{rel}","templated":true}]}}