{"id":263,"date":"2017-11-29T14:18:02","date_gmt":"2017-11-29T14:18:02","guid":{"rendered":"http:\/\/www.lanzenberger.com\/cms\/?page_id=263"},"modified":"2018-02-19T13:21:25","modified_gmt":"2018-02-19T13:21:25","slug":"steuerberatung","status":"publish","type":"page","link":"https:\/\/lanzenberger.com\/cms\/steuerberatung\/","title":{"rendered":"Steuerberatung"},"content":{"rendered":"<p style=\"text-align: center;\">Mit uns sind Sie gut beraten! <\/p>\n<p style=\"text-align: center;\">-Steuerberatung f\u00fcr nat\u00fcrliche Personen sowie Unternehmen aller Rechtsformen-<\/p>\n<p style=\"text-align: left;\"><strong>Finanzbuchhaltung<\/strong><\/p>\n<p style=\"text-align: left;\">Neben der Erfassung der Belege zur Buchhaltung spielen die Kostenplanung und Erfolgskontrolle eine wesentliche Rolle.<\/p>\n<p style=\"text-align: left;\"><strong>Lohnbuchhaltung<\/strong><\/p>\n<p style=\"text-align: left;\">Die Lohn- und Gehaltsabrechnung umfasst sowohl Fragen des Lohnsteuerrechts als auch arbeits- und sozialversicherungsrechtliche Aspekte.<\/p>\n<p style=\"text-align: left;\"><strong>Buchhaltung mit Zukunft<\/strong><\/p>\n<p style=\"text-align: left;\">Buchhaltung \u2013 einfach und schnell, rund um die Uhr, sieben Tage die Woche. Die Zukunft Ihrer Buchhaltung ist nur noch einen Klick entfernt.<\/p>\n<p style=\"text-align: left;\"><strong>Betriebswirtschaftliche Beratung<\/strong><\/p>\n<p style=\"text-align: left;\">Im Bereich der Unternehmensberatung oder betriebswirtschaftlichen Beratung bieten wir umfassenden Service an.<\/p>\n<p style=\"text-align: left;\"><strong>Gr\u00fcndungsberatung<\/strong><\/p>\n<p style=\"text-align: left;\">Sie haben eine grandiose Idee \u2013 wir begleiten Sie von der Gesch\u00e4ftsidee zur Gr\u00fcndung und Ihre Vision wird Wirklichkeit!<\/p>\n<p style=\"text-align: left;\"><strong>Nachfolgeberatung<\/strong><\/p>\n<p style=\"text-align: left;\">Ein richtiges Vorgehen beim \u00dcbergang des Unternehmens an die n\u00e4chste Generation schlie\u00dft langwierige Streitigkeiten aus.<\/p>\n<p style=\"text-align: left;\"><strong>Verm\u00f6gens- und Finanzplanung<\/strong><\/p>\n<p style=\"text-align: left;\">Mit der richtigen Finanzplanung bringen Sie Ihr Unternehmen auf Kurs in Richtung optimale Verm\u00f6gensstrategie.<\/p>\n<p style=\"text-align: left;\"><strong>Grenz\u00fcberschreitende T\u00e4tigkeit<br \/>\n<\/strong><\/p>\n<p style=\"text-align: left;\">Neben der klassischen Steuerberatung bieten wir ebenso Beratungen f\u00fcr diverse Spezialgebiete an.<\/p>\n<p style=\"text-align: left;\">\n","protected":false},"excerpt":{"rendered":"<p>Mit uns sind Sie gut beraten! -Steuerberatung f\u00fcr nat\u00fcrliche Personen sowie Unternehmen aller Rechtsformen- Finanzbuchhaltung Neben der Erfassung der Belege zur Buchhaltung spielen die Kostenplanung und Erfolgskontrolle eine wesentliche Rolle. Lohnbuchhaltung Die Lohn- und Gehaltsabrechnung umfasst sowohl Fragen des Lohnsteuerrechts als auch arbeits- und sozialversicherungsrechtliche Aspekte. Buchhaltung mit Zukunft Buchhaltung \u2013 einfach und schnell, rund [&hellip;]<\/p>\n","protected":false},"author":5,"featured_media":198,"parent":0,"menu_order":0,"comment_status":"closed","ping_status":"closed","template":"","meta":{"footnotes":""},"class_list":["post-263","page","type-page","status-publish","has-post-thumbnail","hentry"],"_links":{"self":[{"href":"https:\/\/lanzenberger.com\/cms\/wp-json\/wp\/v2\/pages\/263","targetHints":{"allow":["GET"]}}],"collection":[{"href":"https:\/\/lanzenberger.com\/cms\/wp-json\/wp\/v2\/pages"}],"about":[{"href":"https:\/\/lanzenberger.com\/cms\/wp-json\/wp\/v2\/types\/page"}],"author":[{"embeddable":true,"href":"https:\/\/lanzenberger.com\/cms\/wp-json\/wp\/v2\/users\/5"}],"replies":[{"embeddable":true,"href":"https:\/\/lanzenberger.com\/cms\/wp-json\/wp\/v2\/comments?post=263"}],"version-history":[{"count":14,"href":"https:\/\/lanzenberger.com\/cms\/wp-json\/wp\/v2\/pages\/263\/revisions"}],"predecessor-version":[{"id":607,"href":"https:\/\/lanzenberger.com\/cms\/wp-json\/wp\/v2\/pages\/263\/revisions\/607"}],"wp:featuredmedia":[{"embeddable":true,"href":"https:\/\/lanzenberger.com\/cms\/wp-json\/wp\/v2\/media\/198"}],"wp:attachment":[{"href":"https:\/\/lanzenberger.com\/cms\/wp-json\/wp\/v2\/media?parent=263"}],"curies":[{"name":"wp","href":"https:\/\/api.w.org\/{rel}","templated":true}]}}