{"id":265,"date":"2017-11-29T14:19:21","date_gmt":"2017-11-29T14:19:21","guid":{"rendered":"http:\/\/www.lanzenberger.com\/cms\/?page_id=265"},"modified":"2019-06-03T13:37:56","modified_gmt":"2019-06-03T11:37:56","slug":"rechtsberatung","status":"publish","type":"page","link":"https:\/\/lanzenberger.com\/cms\/rechtsberatung\/","title":{"rendered":"Rechtsberatung"},"content":{"rendered":"<p><center><\/p>\n<table>\n<tbody>\n<tr>\n<td style=\"width: 55%; text-align: left;\">\n<strong>Allgemeines Zivilrecht<\/strong><\/p>\n<ul>\n<li>Verbraucherrecht<\/li>\n<li>Kaufrecht<\/li>\n<li>Darlehens- \/ Kreditrecht \/ B\u00fcrgschaft<\/li>\n<li>Reiserecht<\/li>\n<li>Maklerrecht<\/li>\n<\/ul>\n<\/td>\n<td style=\"width: 45%; text-align: left;\">\n<strong>Miet- \/ Wohnungseigentumsrecht<\/strong><\/p>\n<ul>\n<li>Mietvertragsgestaltung<\/li>\n<li>K\u00fcndigung \/ R\u00e4umung<\/li>\n<li>Mietminderung \/ -erh\u00f6hung<\/li>\n<li>Nebenkostenabrechnung<\/li>\n<li>Gemeinschafts- \/ Sondereigentum<\/li>\n<\/ul>\n<\/td>\n<\/tr>\n<tr>\n<td style=\"width: 55%; text-align: left;\">\n<strong>Arbeitgeberarbeitsrecht<\/strong><\/p>\n<ul>\n<li>K\u00fcndigung \/ \u00c4nderungsk\u00fcndigung<\/li>\n<li>Abmahnung<\/li>\n<li>Arbeitsvertragsgestaltung<\/li>\n<li>tarifliche Eingruppierung<\/li>\n<li>Versetzung<\/li>\n<\/ul>\n<\/td>\n<td style=\"width: 45%; text-align: left;\">\n<strong>Sozialversicherungsrecht<\/strong><\/p>\n<ul>\n<li>Kosten\u00fcbernahme Krankenkasse<\/li>\n<li>Pflegeversicherung<\/li>\n<li>Erwerbsminderungsrente<\/li>\n<li>Arbeitslosengeld \/ Sperrzeit<\/li>\n<li>Schwerbehinderung<\/li>\n<\/ul>\n<\/td>\n<\/tr>\n<tr>\n<td style=\"width: 55%; text-align: left;\">\n<strong>Arbeitnehmerarbeitsrecht<\/strong><\/p>\n<ul>\n<li>K\u00fcndigung \/ K\u00fcndigungsschutzklage<\/li>\n<li>Lohn \/ Gehalt<\/li>\n<li>Urlaub \/ Urlaubsabgeltung<\/li>\n<li>Arbeitszeugnis<\/li>\n<li>Abfindung<\/li>\n<\/ul>\n<\/td>\n<td style=\"width: 45%; text-align: left;\">\n<strong>Steuerrecht<\/strong><\/p>\n<ul>\n<li>alle Steuerarten<\/li>\n<li>Einspruchsverfahren vor dem Finanzamt<\/li>\n<li>Klageverfahren vor dem Finanzgericht<\/li>\n<li>Betriebspr\u00fcfung<\/li>\n<li>Steuerfahndung<\/li>\n<\/ul>\n<\/td>\n<\/tr>\n<tr>\n<td style=\"width: 55%; text-align: left;\">\n<strong>Baurecht<\/strong><\/p>\n<ul>\n<li>Vertragsgestaltung<\/li>\n<li>Gew\u00e4hrleistungsrecht \/ Baum\u00e4ngel<\/li>\n<li>Schlussrechnung<\/li>\n<li>VOB \/ VOL \/ HOAI<\/li>\n<\/ul>\n<\/td>\n<td style=\"width: 45%; text-align: left;\">\n<strong>Strafrecht<\/strong><\/p>\n<ul>\n<li>Beschuldigung durch die Polizei<\/li>\n<li>Anklage \/ Strafbefehl<\/li>\n<li>Strafverteidigung vor Gericht<\/li>\n<li>Nebenklage \/ Opferschutz<\/li>\n<\/ul>\n<\/td>\n<\/tr>\n<tr>\n<td style=\"width: 55%; text-align: left;\">\n<strong>Erbrecht<\/strong><\/p>\n<ul>\n<li>Testamentsgestaltung \/ &#8222;Berliner Testament&#8220;<\/li>\n<li>Erbvertrag \/ Erbverzicht<\/li>\n<li>vorweggenommene Erbfolge \/ Schenkung<\/li>\n<li>Pflichtteilsrecht \/ gesetzliche Erbfolge<\/li>\n<li>Erbengemeinschaft<\/li>\n<li>Ausschlagung der Erbschaft<\/li>\n<\/ul>\n<\/td>\n<td style=\"width: 45%; text-align: left;\">\n<strong>Verkehrsrecht<\/strong><\/p>\n<ul>\n<li>Autokauf \/ -reparatur<\/li>\n<li>Verkehrsunfall<\/li>\n<li>Schadensersatz aufgrund Personenschaden<\/li>\n<li>Schadensersatz aufgrund Sachschaden<\/li>\n<li>Schmerzensgeld<\/li>\n<\/ul>\n<\/td>\n<\/tr>\n<tr>\n<td style=\"width: 55%; text-align: left;\">\n<strong>Familienrecht<\/strong><\/p>\n<ul>\n<li>Scheidung \/ Trennung<\/li>\n<li>Unterhalt f\u00fcr Ehegatte \/ Kind<\/li>\n<li>Kindschaftsrecht \/ elterliche Sorge \/ Umgang<\/li>\n<li>Zugewinnausgleich<\/li>\n<li>Ehevertrag \/ Scheidungsfolgenvereinbarung<\/li>\n<\/ul>\n<\/td>\n<td style=\"width: 45%; text-align: left;\">\n<strong>Verkehrsstrafrecht<\/strong><\/p>\n<ul>\n<li>Straf- \/ Bu\u00dfgeldverfahren<\/li>\n<li>Tempo- \/ Rotlichtversto\u00df<\/li>\n<li>Unfallflucht \/ Trunkenheit<\/li>\n<li>K\u00f6rperverletzung<\/li>\n<li>Fahrverbot \/ MPU \/ Punktekonto<\/li>\n<\/ul>\n<\/td>\n<\/tr>\n<tr>\n<td style=\"width: 55%; text-align: left;\">\n<strong>Grundst\u00fccksrecht<\/strong><\/p>\n<ul>\n<li>\u00dcbertragung \/ Teilung<\/li>\n<li>Lebenslanges Wohnrecht<\/li>\n<li>Hypothek \/ Grundschuld<\/li>\n<li>Grundbuchberichtigung<\/li>\n<\/ul>\n<\/td>\n<td style=\"width: 45%; text-align: left;\">\n<strong>Versicherungs- \/ Schadensersatzrecht<\/strong><\/p>\n<ul>\n<li>alle Arten von Versicherung<\/li>\n<li>Personen- und Sachsch\u00e4den<\/li>\n<li>Regress der Versicherung<\/li>\n<li>Ombudsverfahren<\/li>\n<\/ul>\n<\/td>\n<\/tr>\n<tr>\n<td style=\"width: 55%; text-align: left;\"><strong>Kaufrecht<\/strong><\/p>\n<ul>\n<li>Gew\u00e4hrleistungsrecht<\/li>\n<li>Verbrauchsg\u00fcterkauf<\/li>\n<li>AGB- \/ Verj\u00e4hrungsrecht<\/li>\n<li>Widerrufs- \/ Anfechtungsrecht<\/li>\n<\/ul>\n<\/td>\n<td style=\"width: 45%; text-align: left;\"><strong>Wettbewerbsrecht<\/strong><\/p>\n<ul>\n<li>Unlauter Wettbewerb<\/li>\n<li>Abmahnung von Mitbewerbern<\/li>\n<li>Unterlassungsverf\u00fcgung<\/li>\n<li>Einstweiliger Rechtsschutz<\/li>\n<\/ul>\n<\/td>\n<\/tr>\n<\/tbody>\n<\/table>\n<p><a href=\"https:\/\/www.juraforum.de\"><img decoding=\"async\" title=\"JuraForum\" src=\"https:\/\/www.juraforum.de\/rechtsanwalt\/siegel?i=239ce\" alt=\"JuraForum\" \/><\/a><\/p>\n<p><\/center><\/p>\n","protected":false},"excerpt":{"rendered":"<p>Allgemeines Zivilrecht Verbraucherrecht Kaufrecht Darlehens- \/ Kreditrecht \/ B\u00fcrgschaft Reiserecht Maklerrecht Miet- \/ Wohnungseigentumsrecht Mietvertragsgestaltung K\u00fcndigung \/ R\u00e4umung Mietminderung \/ -erh\u00f6hung Nebenkostenabrechnung Gemeinschafts- \/ Sondereigentum Arbeitgeberarbeitsrecht K\u00fcndigung \/ \u00c4nderungsk\u00fcndigung Abmahnung Arbeitsvertragsgestaltung tarifliche Eingruppierung Versetzung Sozialversicherungsrecht Kosten\u00fcbernahme Krankenkasse Pflegeversicherung Erwerbsminderungsrente Arbeitslosengeld \/ Sperrzeit Schwerbehinderung Arbeitnehmerarbeitsrecht K\u00fcndigung \/ K\u00fcndigungsschutzklage Lohn \/ Gehalt Urlaub \/ Urlaubsabgeltung Arbeitszeugnis Abfindung [&hellip;]<\/p>\n","protected":false},"author":5,"featured_media":275,"parent":0,"menu_order":0,"comment_status":"closed","ping_status":"closed","template":"","meta":{"footnotes":""},"class_list":["post-265","page","type-page","status-publish","has-post-thumbnail","hentry"],"_links":{"self":[{"href":"https:\/\/lanzenberger.com\/cms\/wp-json\/wp\/v2\/pages\/265","targetHints":{"allow":["GET"]}}],"collection":[{"href":"https:\/\/lanzenberger.com\/cms\/wp-json\/wp\/v2\/pages"}],"about":[{"href":"https:\/\/lanzenberger.com\/cms\/wp-json\/wp\/v2\/types\/page"}],"author":[{"embeddable":true,"href":"https:\/\/lanzenberger.com\/cms\/wp-json\/wp\/v2\/users\/5"}],"replies":[{"embeddable":true,"href":"https:\/\/lanzenberger.com\/cms\/wp-json\/wp\/v2\/comments?post=265"}],"version-history":[{"count":78,"href":"https:\/\/lanzenberger.com\/cms\/wp-json\/wp\/v2\/pages\/265\/revisions"}],"predecessor-version":[{"id":1212,"href":"https:\/\/lanzenberger.com\/cms\/wp-json\/wp\/v2\/pages\/265\/revisions\/1212"}],"wp:featuredmedia":[{"embeddable":true,"href":"https:\/\/lanzenberger.com\/cms\/wp-json\/wp\/v2\/media\/275"}],"wp:attachment":[{"href":"https:\/\/lanzenberger.com\/cms\/wp-json\/wp\/v2\/media?parent=265"}],"curies":[{"name":"wp","href":"https:\/\/api.w.org\/{rel}","templated":true}]}}