{"id":267,"date":"2017-11-29T14:20:27","date_gmt":"2017-11-29T14:20:27","guid":{"rendered":"http:\/\/www.lanzenberger.com\/cms\/?page_id=267"},"modified":"2018-02-07T14:51:06","modified_gmt":"2018-02-07T14:51:06","slug":"unternehmensberatung","status":"publish","type":"page","link":"https:\/\/lanzenberger.com\/cms\/unternehmensberatung\/","title":{"rendered":"Unternehmensberatung"},"content":{"rendered":"<ul>\n<li>Erstellen von Businesspl\u00e4nen<\/li>\n<li>Rentabilit\u00e4tsvorschauen<\/li>\n<li>Unternehmensgr\u00fcndung<\/li>\n<li>F\u00f6rdermittelberatung zur Einstellung von Arbeitnehmern sowie Fortbildungskosten<\/li>\n<li>Unternehmensver\u00e4u\u00dferung \/ Bewertung<\/li>\n<li>Beratungskosten k\u00f6nnen bis zu 80 % von der KfW-Bank gef\u00f6rdert werden<\/li>\n<\/ul>\n<p>&nbsp;<\/p>\n<p>&nbsp;<\/p>\n","protected":false},"excerpt":{"rendered":"<p>Erstellen von Businesspl\u00e4nen Rentabilit\u00e4tsvorschauen Unternehmensgr\u00fcndung F\u00f6rdermittelberatung zur Einstellung von Arbeitnehmern sowie Fortbildungskosten Unternehmensver\u00e4u\u00dferung \/ Bewertung Beratungskosten k\u00f6nnen bis zu 80 % von der KfW-Bank gef\u00f6rdert werden &nbsp; &nbsp;<\/p>\n","protected":false},"author":5,"featured_media":270,"parent":0,"menu_order":0,"comment_status":"closed","ping_status":"closed","template":"","meta":{"footnotes":""},"class_list":["post-267","page","type-page","status-publish","has-post-thumbnail","hentry"],"_links":{"self":[{"href":"https:\/\/lanzenberger.com\/cms\/wp-json\/wp\/v2\/pages\/267","targetHints":{"allow":["GET"]}}],"collection":[{"href":"https:\/\/lanzenberger.com\/cms\/wp-json\/wp\/v2\/pages"}],"about":[{"href":"https:\/\/lanzenberger.com\/cms\/wp-json\/wp\/v2\/types\/page"}],"author":[{"embeddable":true,"href":"https:\/\/lanzenberger.com\/cms\/wp-json\/wp\/v2\/users\/5"}],"replies":[{"embeddable":true,"href":"https:\/\/lanzenberger.com\/cms\/wp-json\/wp\/v2\/comments?post=267"}],"version-history":[{"count":7,"href":"https:\/\/lanzenberger.com\/cms\/wp-json\/wp\/v2\/pages\/267\/revisions"}],"predecessor-version":[{"id":559,"href":"https:\/\/lanzenberger.com\/cms\/wp-json\/wp\/v2\/pages\/267\/revisions\/559"}],"wp:featuredmedia":[{"embeddable":true,"href":"https:\/\/lanzenberger.com\/cms\/wp-json\/wp\/v2\/media\/270"}],"wp:attachment":[{"href":"https:\/\/lanzenberger.com\/cms\/wp-json\/wp\/v2\/media?parent=267"}],"curies":[{"name":"wp","href":"https:\/\/api.w.org\/{rel}","templated":true}]}}