{"id":280,"date":"2017-11-29T15:17:33","date_gmt":"2017-11-29T15:17:33","guid":{"rendered":"http:\/\/www.lanzenberger.com\/cms\/?page_id=280"},"modified":"2018-02-26T08:43:14","modified_gmt":"2018-02-26T08:43:14","slug":"inkasso","status":"publish","type":"page","link":"https:\/\/lanzenberger.com\/cms\/leistungsangebot\/inkasso\/","title":{"rendered":"Inkasso"},"content":{"rendered":"<p>&nbsp;<\/p>\n<ul>\n<li>au\u00dfergerichtliches Mahnwesen<\/li>\n<li>Beantragung des Mahnbescheids \/ Vollstreckungsbescheids<\/li>\n<li>Einleitung von Zwangsvollstreckungsma\u00dfnahmen<br \/>\n(Konto- \/ Lohnpf\u00e4ndung, Zwangsr\u00e4umung von Immobilien \u00fcber Gerichtsvollzieher)<\/li>\n<\/ul>\n","protected":false},"excerpt":{"rendered":"<p>&nbsp; au\u00dfergerichtliches Mahnwesen Beantragung des Mahnbescheids \/ Vollstreckungsbescheids Einleitung von Zwangsvollstreckungsma\u00dfnahmen (Konto- \/ Lohnpf\u00e4ndung, Zwangsr\u00e4umung von Immobilien \u00fcber Gerichtsvollzieher)<\/p>\n","protected":false},"author":5,"featured_media":273,"parent":6,"menu_order":0,"comment_status":"closed","ping_status":"closed","template":"","meta":{"footnotes":""},"class_list":["post-280","page","type-page","status-publish","has-post-thumbnail","hentry"],"_links":{"self":[{"href":"https:\/\/lanzenberger.com\/cms\/wp-json\/wp\/v2\/pages\/280","targetHints":{"allow":["GET"]}}],"collection":[{"href":"https:\/\/lanzenberger.com\/cms\/wp-json\/wp\/v2\/pages"}],"about":[{"href":"https:\/\/lanzenberger.com\/cms\/wp-json\/wp\/v2\/types\/page"}],"author":[{"embeddable":true,"href":"https:\/\/lanzenberger.com\/cms\/wp-json\/wp\/v2\/users\/5"}],"replies":[{"embeddable":true,"href":"https:\/\/lanzenberger.com\/cms\/wp-json\/wp\/v2\/comments?post=280"}],"version-history":[{"count":8,"href":"https:\/\/lanzenberger.com\/cms\/wp-json\/wp\/v2\/pages\/280\/revisions"}],"predecessor-version":[{"id":793,"href":"https:\/\/lanzenberger.com\/cms\/wp-json\/wp\/v2\/pages\/280\/revisions\/793"}],"up":[{"embeddable":true,"href":"https:\/\/lanzenberger.com\/cms\/wp-json\/wp\/v2\/pages\/6"}],"wp:featuredmedia":[{"embeddable":true,"href":"https:\/\/lanzenberger.com\/cms\/wp-json\/wp\/v2\/media\/273"}],"wp:attachment":[{"href":"https:\/\/lanzenberger.com\/cms\/wp-json\/wp\/v2\/media?parent=280"}],"curies":[{"name":"wp","href":"https:\/\/api.w.org\/{rel}","templated":true}]}}