{"id":430,"date":"2017-12-19T19:16:48","date_gmt":"2017-12-19T19:16:48","guid":{"rendered":"http:\/\/www.lanzenberger.com\/cms\/?page_id=430"},"modified":"2018-04-04T07:45:11","modified_gmt":"2018-04-04T07:45:11","slug":"presse","status":"publish","type":"page","link":"https:\/\/lanzenberger.com\/cms\/aktuelles\/presse\/","title":{"rendered":"Presse \/ Ver\u00f6ffentlichungen"},"content":{"rendered":"<p>Zum Vergr\u00f6\u00dfern bitte anklicken<\/p>\n<p><a href=\"https:\/\/lanzenberger.com\/cms\/wp-content\/uploads\/Schlecker-1-e1513707806212.jpg\"><br \/>\n<img loading=\"lazy\" decoding=\"async\" class=\"wp-image-457 size-medium aligncenter\" src=\"https:\/\/lanzenberger.com\/cms\/wp-content\/uploads\/Schlecker-1-e1513707806212-289x300.jpg\" alt=\"\" width=\"289\" height=\"300\" srcset=\"https:\/\/lanzenberger.com\/cms\/wp-content\/uploads\/Schlecker-1-e1513707806212-289x300.jpg 289w, https:\/\/lanzenberger.com\/cms\/wp-content\/uploads\/Schlecker-1-e1513707806212-768x797.jpg 768w, https:\/\/lanzenberger.com\/cms\/wp-content\/uploads\/Schlecker-1-e1513707806212-986x1024.jpg 986w\" sizes=\"auto, (max-width: 289px) 100vw, 289px\" \/><\/a><\/p>\n<p><a href=\"https:\/\/lanzenberger.com\/cms\/wp-content\/uploads\/Lanzenberger.3.12-1.jpg\"><img loading=\"lazy\" decoding=\"async\" class=\"wp-image-455 size-medium aligncenter\" src=\"https:\/\/lanzenberger.com\/cms\/wp-content\/uploads\/Lanzenberger.3.12-1-300x239.jpg\" alt=\"\" width=\"300\" height=\"239\" srcset=\"https:\/\/lanzenberger.com\/cms\/wp-content\/uploads\/Lanzenberger.3.12-1-300x239.jpg 300w, https:\/\/lanzenberger.com\/cms\/wp-content\/uploads\/Lanzenberger.3.12-1-768x612.jpg 768w, https:\/\/lanzenberger.com\/cms\/wp-content\/uploads\/Lanzenberger.3.12-1-1024x816.jpg 1024w\" sizes=\"auto, (max-width: 300px) 100vw, 300px\" \/><\/a><\/p>\n<p><a href=\"https:\/\/lanzenberger.com\/cms\/wp-content\/uploads\/Lanzenberger-1.jpg\"><img loading=\"lazy\" decoding=\"async\" class=\"wp-image-452 size-medium alignecenter aligncenter\" src=\"https:\/\/lanzenberger.com\/cms\/wp-content\/uploads\/Lanzenberger-1-191x300.jpg\" alt=\"\" width=\"191\" height=\"300\" srcset=\"https:\/\/lanzenberger.com\/cms\/wp-content\/uploads\/Lanzenberger-1-191x300.jpg 191w, https:\/\/lanzenberger.com\/cms\/wp-content\/uploads\/Lanzenberger-1-768x1208.jpg 768w, https:\/\/lanzenberger.com\/cms\/wp-content\/uploads\/Lanzenberger-1-651x1024.jpg 651w, https:\/\/lanzenberger.com\/cms\/wp-content\/uploads\/Lanzenberger-1.jpg 1111w\" sizes=\"auto, (max-width: 191px) 100vw, 191px\" \/><\/a><\/p>\n<p><a href=\"https:\/\/lanzenberger.com\/cms\/wp-content\/uploads\/Lanzenberger.Witt-1.jpg\"><img loading=\"lazy\" decoding=\"async\" class=\"wp-image-456 size-medium aligncenter\" src=\"https:\/\/lanzenberger.com\/cms\/wp-content\/uploads\/Lanzenberger.Witt-1-300x238.jpg\" alt=\"\" width=\"300\" height=\"238\" srcset=\"https:\/\/lanzenberger.com\/cms\/wp-content\/uploads\/Lanzenberger.Witt-1-300x238.jpg 300w, https:\/\/lanzenberger.com\/cms\/wp-content\/uploads\/Lanzenberger.Witt-1-768x608.jpg 768w, https:\/\/lanzenberger.com\/cms\/wp-content\/uploads\/Lanzenberger.Witt-1-1024x811.jpg 1024w\" sizes=\"auto, (max-width: 300px) 100vw, 300px\" \/><\/a><\/p>\n<p><a href=\"https:\/\/lanzenberger.com\/cms\/wp-content\/uploads\/Lanzenberger.Kirsten-1.jpg\"><img loading=\"lazy\" decoding=\"async\" class=\"size-medium wp-image-454 aligncenter\" src=\"https:\/\/lanzenberger.com\/cms\/wp-content\/uploads\/Lanzenberger.Kirsten-1-300x234.jpg\" alt=\"\" width=\"300\" height=\"234\" srcset=\"https:\/\/lanzenberger.com\/cms\/wp-content\/uploads\/Lanzenberger.Kirsten-1-300x234.jpg 300w, https:\/\/lanzenberger.com\/cms\/wp-content\/uploads\/Lanzenberger.Kirsten-1-768x600.jpg 768w, https:\/\/lanzenberger.com\/cms\/wp-content\/uploads\/Lanzenberger.Kirsten-1-1024x800.jpg 1024w\" sizes=\"auto, (max-width: 300px) 100vw, 300px\" \/><\/a><\/p>\n<p><a href=\"https:\/\/lanzenberger.com\/cms\/wp-content\/uploads\/Lanzenberger.Torgau-1.jpg\"><img loading=\"lazy\" decoding=\"async\" class=\"size-medium wp-image-453 aligncenter\" src=\"https:\/\/lanzenberger.com\/cms\/wp-content\/uploads\/Lanzenberger.Torgau-1-190x300.jpg\" alt=\"\" width=\"190\" height=\"300\" srcset=\"https:\/\/lanzenberger.com\/cms\/wp-content\/uploads\/Lanzenberger.Torgau-1-190x300.jpg 190w, https:\/\/lanzenberger.com\/cms\/wp-content\/uploads\/Lanzenberger.Torgau-1-768x1211.jpg 768w, https:\/\/lanzenberger.com\/cms\/wp-content\/uploads\/Lanzenberger.Torgau-1-650x1024.jpg 650w, https:\/\/lanzenberger.com\/cms\/wp-content\/uploads\/Lanzenberger.Torgau-1.jpg 1133w\" sizes=\"auto, (max-width: 190px) 100vw, 190px\" \/><\/a><\/p>\n<h4>Torgau.tv<\/h4>\n<p><a href=\"https:\/\/www.facebook.com\/TORGAUTV\/videos\/1600963443260118\/\">https:\/\/www.facebook.com\/TORGAUTV\/videos\/1600963443260118\/<\/a><\/p>\n<p><a href=\"https:\/\/www.facebook.com\/TORGAUTV\/videos\/1608201202536342\/\">https:\/\/www.facebook.com\/TORGAUTV\/videos\/1608201202536342\/<\/a><\/p>\n<p><a href=\"https:\/\/www.facebook.com\/TORGAUTV\/videos\/1615054278517701\/\">https:\/\/www.facebook.com\/TORGAUTV\/videos\/1615054278517701\/<\/a><\/p>\n<p><a href=\"https:\/\/www.facebook.com\/TORGAUTV\/videos\/1622092501147212\/\">https:\/\/www.facebook.com\/TORGAUTV\/videos\/1622092501147212\/<\/a><\/p>\n","protected":false},"excerpt":{"rendered":"<p>Zum Vergr\u00f6\u00dfern bitte anklicken Torgau.tv<\/p>\n","protected":false},"author":5,"featured_media":0,"parent":7,"menu_order":0,"comment_status":"closed","ping_status":"closed","template":"templates\/template-portfolio-three.php","meta":{"footnotes":""},"class_list":["post-430","page","type-page","status-publish","hentry"],"_links":{"self":[{"href":"https:\/\/lanzenberger.com\/cms\/wp-json\/wp\/v2\/pages\/430","targetHints":{"allow":["GET"]}}],"collection":[{"href":"https:\/\/lanzenberger.com\/cms\/wp-json\/wp\/v2\/pages"}],"about":[{"href":"https:\/\/lanzenberger.com\/cms\/wp-json\/wp\/v2\/types\/page"}],"author":[{"embeddable":true,"href":"https:\/\/lanzenberger.com\/cms\/wp-json\/wp\/v2\/users\/5"}],"replies":[{"embeddable":true,"href":"https:\/\/lanzenberger.com\/cms\/wp-json\/wp\/v2\/comments?post=430"}],"version-history":[{"count":42,"href":"https:\/\/lanzenberger.com\/cms\/wp-json\/wp\/v2\/pages\/430\/revisions"}],"predecessor-version":[{"id":1312,"href":"https:\/\/lanzenberger.com\/cms\/wp-json\/wp\/v2\/pages\/430\/revisions\/1312"}],"up":[{"embeddable":true,"href":"https:\/\/lanzenberger.com\/cms\/wp-json\/wp\/v2\/pages\/7"}],"wp:attachment":[{"href":"https:\/\/lanzenberger.com\/cms\/wp-json\/wp\/v2\/media?parent=430"}],"curies":[{"name":"wp","href":"https:\/\/api.w.org\/{rel}","templated":true}]}}